{"id":6841,"date":"2022-02-23T14:44:57","date_gmt":"2022-02-23T19:44:57","guid":{"rendered":"https:\/\/cuisinesantelab.com\/?page_id=6841"},"modified":"2022-03-07T21:33:33","modified_gmt":"2022-03-08T02:33:33","slug":"about-2","status":"publish","type":"page","link":"https:\/\/cuisinesantelab.com\/en\/about-2\/","title":{"rendered":"Our Chef"},"content":{"rendered":"<div data-elementor-type=\"wp-page\" data-elementor-id=\"6841\" class=\"elementor elementor-6841\" data-elementor-post-type=\"page\">\n\t\t\t\t\t\t<section class=\"elementor-section elementor-top-section elementor-element elementor-element-7ceddd71 elementor-section-full_width elementor-section-height-min-height elementor-section-items-stretch elementor-section-content-middle elementor-section-height-default qodef-elementor-content-no\" data-id=\"7ceddd71\" data-element_type=\"section\" data-e-type=\"section\">\n\t\t\t\t\t\t<div class=\"elementor-container elementor-column-gap-no\">\n\t\t\t\t\t<div class=\"elementor-column elementor-col-100 elementor-top-column elementor-element elementor-element-549f7605\" data-id=\"549f7605\" data-element_type=\"column\" data-e-type=\"column\">\n\t\t\t<div class=\"elementor-widget-wrap elementor-element-populated\">\n\t\t\t\t\t\t<div class=\"elementor-element elementor-element-3388f6f3 elementor-widget__width-auto elementor-absolute elementor-invisible elementor-widget elementor-widget-image\" data-id=\"3388f6f3\" data-element_type=\"widget\" data-e-type=\"widget\" data-settings=\"{&quot;_animation&quot;:&quot;slideInLeft&quot;,&quot;_position&quot;:&quot;absolute&quot;}\" data-widget_type=\"image.default\">\n\t\t\t\t<div class=\"elementor-widget-container\">\n\t\t\t\t\t\t\t\t\t\t\t\t\t\t\t<img fetchpriority=\"high\" decoding=\"async\" width=\"800\" height=\"620\" src=\"https:\/\/cuisinesantelab.com\/wp-content\/uploads\/2022\/02\/0-2.jpeg\" class=\"attachment-large size-large wp-image-6838\" alt=\"\" srcset=\"https:\/\/cuisinesantelab.com\/wp-content\/uploads\/2022\/02\/0-2.jpeg 800w, https:\/\/cuisinesantelab.com\/wp-content\/uploads\/2022\/02\/0-2-300x233.jpeg 300w, https:\/\/cuisinesantelab.com\/wp-content\/uploads\/2022\/02\/0-2-768x595.jpeg 768w, https:\/\/cuisinesantelab.com\/wp-content\/uploads\/2022\/02\/0-2-15x12.jpeg 15w, https:\/\/cuisinesantelab.com\/wp-content\/uploads\/2022\/02\/0-2-600x465.jpeg 600w\" sizes=\"(max-width: 800px) 100vw, 800px\" \/>\t\t\t\t\t\t\t\t\t\t\t\t\t\t\t<\/div>\n\t\t\t\t<\/div>\n\t\t\t\t<section class=\"elementor-section elementor-inner-section elementor-element elementor-element-39b238c6 elementor-section-height-min-height elementor-section-content-middle elementor-section-boxed elementor-section-height-default qodef-elementor-content-no\" data-id=\"39b238c6\" data-element_type=\"section\" data-e-type=\"section\" data-settings=\"{&quot;background_background&quot;:&quot;classic&quot;}\">\n\t\t\t\t\t\t<div class=\"elementor-container elementor-column-gap-no\">\n\t\t\t\t\t<div class=\"elementor-column elementor-col-100 elementor-inner-column elementor-element elementor-element-3a23c705\" data-id=\"3a23c705\" data-element_type=\"column\" data-e-type=\"column\">\n\t\t\t<div class=\"elementor-widget-wrap elementor-element-populated\">\n\t\t\t\t\t\t<div class=\"elementor-element elementor-element-6e135f4 elementor-widget elementor-widget-qi_addons_for_elementor_section_title\" data-id=\"6e135f4\" data-element_type=\"widget\" data-e-type=\"widget\" data-widget_type=\"qi_addons_for_elementor_section_title.default\">\n\t\t\t\t<div class=\"elementor-widget-container\">\n\t\t\t\t\t<div class=\"qodef-shortcode qodef-m qodef-qi-section-title qodef-decoration--italic qodef-link--underline-draw qodef-subtitle-icon--left\">\n\t\t\t\t\t\t<h2 class=\"qodef-m-title\">\n\t\tMeet our Chef\t<\/h2>\n\t\t\t<\/div>\n\t\t\t\t<\/div>\n\t\t\t\t<\/div>\n\t\t\t\t<div class=\"elementor-element elementor-element-20c02f32 elementor-invisible elementor-widget elementor-widget-text-editor\" data-id=\"20c02f32\" data-element_type=\"widget\" data-e-type=\"widget\" data-settings=\"{&quot;_animation&quot;:&quot;fadeIn&quot;,&quot;_animation_delay&quot;:200}\" data-widget_type=\"text-editor.default\">\n\t\t\t\t<div class=\"elementor-widget-container\">\n\t\t\t\t\t\t\t\t\t<p>the <strong>Chef Guy Dongue<\/strong> is a dynamic French-speaking entrepreneur well known in the<br \/>Francophone Community of Greater Toronto for its work and community involvement in health<br \/>dietary habits of children and adults.<\/p><p>After more than 15 years of working and training in classic French cuisine in France and<br \/>England, Chef Guy immigrated to Canada in 2008 and has held executive positions in high-end houses such as the Queen Elizabeth Hotel in Montreal, the Hilton Casino Lac<br \/>Lemay and Rivermead Private Gold Club in Ottawa-Gatineau.<\/p><p>In 2010, he began teaching culinary arts and hotel management at Coll\u00e8ge La Cit\u00e9 in Ottawa and has been teaching and training the same subject at Coll\u00e8ge Bor\u00e9al in Toronto, every year since 2015.<\/p>\t\t\t\t\t\t\t\t<\/div>\n\t\t\t\t<\/div>\n\t\t\t\t\t<\/div>\n\t\t<\/div>\n\t\t\t\t\t<\/div>\n\t\t<\/section>\n\t\t\t\t\t<\/div>\n\t\t<\/div>\n\t\t\t\t\t<\/div>\n\t\t<\/section>\n\t\t\t\t<section class=\"elementor-section elementor-top-section elementor-element elementor-element-2ba9781 elementor-section-full_width elementor-section-height-min-height elementor-section-items-stretch elementor-section-content-middle elementor-section-height-default qodef-elementor-content-no\" data-id=\"2ba9781\" data-element_type=\"section\" data-e-type=\"section\">\n\t\t\t\t\t\t<div class=\"elementor-container elementor-column-gap-no\">\n\t\t\t\t\t<div class=\"elementor-column elementor-col-100 elementor-top-column elementor-element elementor-element-af94f75\" data-id=\"af94f75\" data-element_type=\"column\" data-e-type=\"column\">\n\t\t\t<div class=\"elementor-widget-wrap elementor-element-populated\">\n\t\t\t\t\t\t<div class=\"elementor-element elementor-element-630f79c elementor-widget__width-auto elementor-absolute elementor-invisible elementor-widget elementor-widget-image\" data-id=\"630f79c\" data-element_type=\"widget\" data-e-type=\"widget\" data-settings=\"{&quot;_animation&quot;:&quot;slideInLeft&quot;,&quot;_position&quot;:&quot;absolute&quot;}\" data-widget_type=\"image.default\">\n\t\t\t\t<div class=\"elementor-widget-container\">\n\t\t\t\t\t\t\t\t\t\t\t\t\t\t\t<img decoding=\"async\" width=\"787\" height=\"796\" src=\"https:\/\/cuisinesantelab.com\/wp-content\/uploads\/2022\/02\/feel-the-taste-of-spain.jpg\" class=\"attachment-large size-large wp-image-6846\" alt=\"\" srcset=\"https:\/\/cuisinesantelab.com\/wp-content\/uploads\/2022\/02\/feel-the-taste-of-spain.jpg 787w, https:\/\/cuisinesantelab.com\/wp-content\/uploads\/2022\/02\/feel-the-taste-of-spain-297x300.jpg 297w, https:\/\/cuisinesantelab.com\/wp-content\/uploads\/2022\/02\/feel-the-taste-of-spain-768x777.jpg 768w, https:\/\/cuisinesantelab.com\/wp-content\/uploads\/2022\/02\/feel-the-taste-of-spain-12x12.jpg 12w, https:\/\/cuisinesantelab.com\/wp-content\/uploads\/2022\/02\/feel-the-taste-of-spain-600x607.jpg 600w, https:\/\/cuisinesantelab.com\/wp-content\/uploads\/2022\/02\/feel-the-taste-of-spain-100x100.jpg 100w\" sizes=\"(max-width: 787px) 100vw, 787px\" \/>\t\t\t\t\t\t\t\t\t\t\t\t\t\t\t<\/div>\n\t\t\t\t<\/div>\n\t\t\t\t<section class=\"elementor-section elementor-inner-section elementor-element elementor-element-7a6fcd6 elementor-section-height-min-height elementor-section-content-middle elementor-section-boxed elementor-section-height-default qodef-elementor-content-no\" data-id=\"7a6fcd6\" data-element_type=\"section\" data-e-type=\"section\" data-settings=\"{&quot;background_background&quot;:&quot;classic&quot;}\">\n\t\t\t\t\t\t<div class=\"elementor-container elementor-column-gap-no\">\n\t\t\t\t\t<div class=\"elementor-column elementor-col-100 elementor-inner-column elementor-element elementor-element-ef7c13e\" data-id=\"ef7c13e\" data-element_type=\"column\" data-e-type=\"column\">\n\t\t\t<div class=\"elementor-widget-wrap elementor-element-populated\">\n\t\t\t\t\t\t<div class=\"elementor-element elementor-element-e954d4f elementor-invisible elementor-widget elementor-widget-text-editor\" data-id=\"e954d4f\" data-element_type=\"widget\" data-e-type=\"widget\" data-settings=\"{&quot;_animation&quot;:&quot;fadeIn&quot;,&quot;_animation_delay&quot;:200}\" data-widget_type=\"text-editor.default\">\n\t\t\t\t<div class=\"elementor-widget-container\">\n\t\t\t\t\t\t\t\t\t<p>In 2012, he founded the non-profit organization Cuisine Sant\u00e9 des Canadiens (CSC)<br \/>(which stands for &quot;Cooking for the Health of Canadians&quot;) with the mission of helping to reduce obesity rates among children, adults and immigrants in Canada by offering cooking workshops for a specific clientele (children, women pregnant, seniors..etc) and keeping a blog for this purpose.<\/p><p>Since 2015, Chef Guy and his team have been providing the school with healthy snacks and hot meals<br \/>lunch program as part of Kids Cuisine Sant\u00e9 in about ten schools in the GTA.<\/p><p>Recommendation: Sant\u00e9 Cusine seems to offer great opportunities for individuals<br \/>looking to work in the hospitality industry. Interesting clientele could be<\/p><p>people who are looking for a career change in the hospitality industry in addition to those who want to start a career.<\/p>\t\t\t\t\t\t\t\t<\/div>\n\t\t\t\t<\/div>\n\t\t\t\t<div class=\"elementor-element elementor-element-91e33b2 elementor-mobile-align-center elementor-widget elementor-widget-button\" data-id=\"91e33b2\" data-element_type=\"widget\" data-e-type=\"widget\" data-widget_type=\"button.default\">\n\t\t\t\t<div class=\"elementor-widget-container\">\n\t\t\t\t\t\t\t\t\t<div class=\"elementor-button-wrapper\">\n\t\t\t\t\t<a class=\"elementor-button elementor-button-link elementor-size-sm\" href=\"#\">\n\t\t\t\t\t\t<span class=\"elementor-button-content-wrapper\">\n\t\t\t\t\t\t\t\t\t<span class=\"elementor-button-text\">Contact us<\/span>\n\t\t\t\t\t<\/span>\n\t\t\t\t\t<\/a>\n\t\t\t\t<\/div>\n\t\t\t\t\t\t\t\t<\/div>\n\t\t\t\t<\/div>\n\t\t\t\t\t<\/div>\n\t\t<\/div>\n\t\t\t\t\t<\/div>\n\t\t<\/section>\n\t\t\t\t\t<\/div>\n\t\t<\/div>\n\t\t\t\t\t<\/div>\n\t\t<\/section>\n\t\t\t\t<\/div>","protected":false},"excerpt":{"rendered":"<p>Rencontrez notre Chef Le chef Guy Dongu\u00e9 est un entrepreneur francophone dynamique bien connu dans leCommunaut\u00e9 francophone du Grand Toronto pour son travail et son engagement communautaire sur la sant\u00e9habitudes [&hellip;]<\/p>\n","protected":false},"author":2,"featured_media":0,"parent":0,"menu_order":0,"comment_status":"closed","ping_status":"closed","template":"page-full-width.php","meta":{"footnotes":""},"class_list":["post-6841","page","type-page","status-publish","hentry"],"_links":{"self":[{"href":"https:\/\/cuisinesantelab.com\/en\/wp-json\/wp\/v2\/pages\/6841","targetHints":{"allow":["GET"]}}],"collection":[{"href":"https:\/\/cuisinesantelab.com\/en\/wp-json\/wp\/v2\/pages"}],"about":[{"href":"https:\/\/cuisinesantelab.com\/en\/wp-json\/wp\/v2\/types\/page"}],"author":[{"embeddable":true,"href":"https:\/\/cuisinesantelab.com\/en\/wp-json\/wp\/v2\/users\/2"}],"replies":[{"embeddable":true,"href":"https:\/\/cuisinesantelab.com\/en\/wp-json\/wp\/v2\/comments?post=6841"}],"version-history":[{"count":28,"href":"https:\/\/cuisinesantelab.com\/en\/wp-json\/wp\/v2\/pages\/6841\/revisions"}],"predecessor-version":[{"id":7143,"href":"https:\/\/cuisinesantelab.com\/en\/wp-json\/wp\/v2\/pages\/6841\/revisions\/7143"}],"wp:attachment":[{"href":"https:\/\/cuisinesantelab.com\/en\/wp-json\/wp\/v2\/media?parent=6841"}],"curies":[{"name":"wp","href":"https:\/\/api.w.org\/{rel}","templated":true}]}}